{"id":7,"date":"2022-04-25T11:04:07","date_gmt":"2022-04-25T11:04:07","guid":{"rendered":"https:\/\/dev.net-vision.cz\/kamna-novak.cz\/?page_id=7"},"modified":"2022-05-13T08:04:35","modified_gmt":"2022-05-13T08:04:35","slug":"kamnarstvi-novak-s-r-o","status":"publish","type":"page","link":"https:\/\/www.kamna-novak.cz\/","title":{"rendered":"Kamn\u00e1\u0159stv\u00ed Nov\u00e1k s.r.o."},"content":{"rendered":"","protected":false},"excerpt":{"rendered":"","protected":false},"author":1,"featured_media":0,"parent":0,"menu_order":0,"comment_status":"closed","ping_status":"closed","template":"","meta":{"footnotes":""},"class_list":["post-7","page","type-page","status-publish","hentry"],"yoast_head":"<!-- This site is optimized with the Yoast SEO plugin v25.6 - https:\/\/yoast.com\/wordpress\/plugins\/seo\/ -->\n<title>Kamn\u00e1\u0159stv\u00ed Nov\u00e1k - kachlov\u00e1 kamna, krby, pece na pizzu<\/title>\n<meta name=\"description\" content=\"N\u00e1vrh, dimenzov\u00e1n\u00ed a realizace v\u0161ech druh\u016f individu\u00e1ln\u011b stav\u011bn\u00fdch topidel, jako jsou nap\u0159\u00edklad kachlov\u00e1 kamna, krby s otev\u0159en\u00fdm a uzav\u00edrateln\u00fdm ohni\u0161t\u011bm, spor\u00e1ky, pece na pizzu a dal\u0161\u00ed.\" \/>\n<meta name=\"robots\" content=\"index, follow, max-snippet:-1, max-image-preview:large, max-video-preview:-1\" \/>\n<link rel=\"canonical\" href=\"https:\/\/www.kamna-novak.cz\/\" \/>\n<meta property=\"og:locale\" content=\"cs_CZ\" \/>\n<meta property=\"og:type\" content=\"article\" \/>\n<meta property=\"og:title\" content=\"Kamn\u00e1\u0159stv\u00ed Nov\u00e1k - kachlov\u00e1 kamna, krby, pece na pizzu\" \/>\n<meta property=\"og:description\" content=\"N\u00e1vrh, dimenzov\u00e1n\u00ed a realizace v\u0161ech druh\u016f individu\u00e1ln\u011b stav\u011bn\u00fdch topidel, jako jsou nap\u0159\u00edklad kachlov\u00e1 kamna, krby s otev\u0159en\u00fdm a uzav\u00edrateln\u00fdm ohni\u0161t\u011bm, spor\u00e1ky, pece na pizzu a dal\u0161\u00ed.\" \/>\n<meta property=\"og:url\" content=\"https:\/\/www.kamna-novak.cz\/\" \/>\n<meta property=\"og:site_name\" content=\"Kamn\u00e1\u0159stv\u00ed Nov\u00e1k s.r.o.\" \/>\n<meta property=\"article:modified_time\" content=\"2022-05-13T08:04:35+00:00\" \/>\n<meta name=\"twitter:card\" content=\"summary_large_image\" \/>\n<script type=\"application\/ld+json\" class=\"yoast-schema-graph\">{\"@context\":\"https:\/\/schema.org\",\"@graph\":[{\"@type\":\"WebPage\",\"@id\":\"https:\/\/www.kamna-novak.cz\/\",\"url\":\"https:\/\/www.kamna-novak.cz\/\",\"name\":\"Kamn\u00e1\u0159stv\u00ed Nov\u00e1k - kachlov\u00e1 kamna, krby, pece na pizzu\",\"isPartOf\":{\"@id\":\"https:\/\/www.kamna-novak.cz\/#website\"},\"datePublished\":\"2022-04-25T11:04:07+00:00\",\"dateModified\":\"2022-05-13T08:04:35+00:00\",\"description\":\"N\u00e1vrh, dimenzov\u00e1n\u00ed a realizace v\u0161ech druh\u016f individu\u00e1ln\u011b stav\u011bn\u00fdch topidel, jako jsou nap\u0159\u00edklad kachlov\u00e1 kamna, krby s otev\u0159en\u00fdm a uzav\u00edrateln\u00fdm ohni\u0161t\u011bm, spor\u00e1ky, pece na pizzu a dal\u0161\u00ed.\",\"breadcrumb\":{\"@id\":\"https:\/\/www.kamna-novak.cz\/#breadcrumb\"},\"inLanguage\":\"cs\",\"potentialAction\":[{\"@type\":\"ReadAction\",\"target\":[\"https:\/\/www.kamna-novak.cz\/\"]}]},{\"@type\":\"BreadcrumbList\",\"@id\":\"https:\/\/www.kamna-novak.cz\/#breadcrumb\",\"itemListElement\":[{\"@type\":\"ListItem\",\"position\":1,\"name\":\"Dom\u016f\",\"item\":\"https:\/\/www.kamna-novak.cz\/\"},{\"@type\":\"ListItem\",\"position\":2,\"name\":\"Kamn\u00e1\u0159stv\u00ed Nov\u00e1k s.r.o.\"}]},{\"@type\":\"WebSite\",\"@id\":\"https:\/\/www.kamna-novak.cz\/#website\",\"url\":\"https:\/\/www.kamna-novak.cz\/\",\"name\":\"Kamn\u00e1\u0159stv\u00ed Nov\u00e1k s.r.o.\",\"description\":\"Just another WordPress site\",\"potentialAction\":[{\"@type\":\"SearchAction\",\"target\":{\"@type\":\"EntryPoint\",\"urlTemplate\":\"https:\/\/www.kamna-novak.cz\/?s={search_term_string}\"},\"query-input\":{\"@type\":\"PropertyValueSpecification\",\"valueRequired\":true,\"valueName\":\"search_term_string\"}}],\"inLanguage\":\"cs\"}]}<\/script>\n<!-- \/ Yoast SEO plugin. -->","yoast_head_json":{"title":"Kamn\u00e1\u0159stv\u00ed Nov\u00e1k - kachlov\u00e1 kamna, krby, pece na pizzu","description":"N\u00e1vrh, dimenzov\u00e1n\u00ed a realizace v\u0161ech druh\u016f individu\u00e1ln\u011b stav\u011bn\u00fdch topidel, jako jsou nap\u0159\u00edklad kachlov\u00e1 kamna, krby s otev\u0159en\u00fdm a uzav\u00edrateln\u00fdm ohni\u0161t\u011bm, spor\u00e1ky, pece na pizzu a dal\u0161\u00ed.","robots":{"index":"index","follow":"follow","max-snippet":"max-snippet:-1","max-image-preview":"max-image-preview:large","max-video-preview":"max-video-preview:-1"},"canonical":"https:\/\/www.kamna-novak.cz\/","og_locale":"cs_CZ","og_type":"article","og_title":"Kamn\u00e1\u0159stv\u00ed Nov\u00e1k - kachlov\u00e1 kamna, krby, pece na pizzu","og_description":"N\u00e1vrh, dimenzov\u00e1n\u00ed a realizace v\u0161ech druh\u016f individu\u00e1ln\u011b stav\u011bn\u00fdch topidel, jako jsou nap\u0159\u00edklad kachlov\u00e1 kamna, krby s otev\u0159en\u00fdm a uzav\u00edrateln\u00fdm ohni\u0161t\u011bm, spor\u00e1ky, pece na pizzu a dal\u0161\u00ed.","og_url":"https:\/\/www.kamna-novak.cz\/","og_site_name":"Kamn\u00e1\u0159stv\u00ed Nov\u00e1k s.r.o.","article_modified_time":"2022-05-13T08:04:35+00:00","twitter_card":"summary_large_image","schema":{"@context":"https:\/\/schema.org","@graph":[{"@type":"WebPage","@id":"https:\/\/www.kamna-novak.cz\/","url":"https:\/\/www.kamna-novak.cz\/","name":"Kamn\u00e1\u0159stv\u00ed Nov\u00e1k - kachlov\u00e1 kamna, krby, pece na pizzu","isPartOf":{"@id":"https:\/\/www.kamna-novak.cz\/#website"},"datePublished":"2022-04-25T11:04:07+00:00","dateModified":"2022-05-13T08:04:35+00:00","description":"N\u00e1vrh, dimenzov\u00e1n\u00ed a realizace v\u0161ech druh\u016f individu\u00e1ln\u011b stav\u011bn\u00fdch topidel, jako jsou nap\u0159\u00edklad kachlov\u00e1 kamna, krby s otev\u0159en\u00fdm a uzav\u00edrateln\u00fdm ohni\u0161t\u011bm, spor\u00e1ky, pece na pizzu a dal\u0161\u00ed.","breadcrumb":{"@id":"https:\/\/www.kamna-novak.cz\/#breadcrumb"},"inLanguage":"cs","potentialAction":[{"@type":"ReadAction","target":["https:\/\/www.kamna-novak.cz\/"]}]},{"@type":"BreadcrumbList","@id":"https:\/\/www.kamna-novak.cz\/#breadcrumb","itemListElement":[{"@type":"ListItem","position":1,"name":"Dom\u016f","item":"https:\/\/www.kamna-novak.cz\/"},{"@type":"ListItem","position":2,"name":"Kamn\u00e1\u0159stv\u00ed Nov\u00e1k s.r.o."}]},{"@type":"WebSite","@id":"https:\/\/www.kamna-novak.cz\/#website","url":"https:\/\/www.kamna-novak.cz\/","name":"Kamn\u00e1\u0159stv\u00ed Nov\u00e1k s.r.o.","description":"Just another WordPress site","potentialAction":[{"@type":"SearchAction","target":{"@type":"EntryPoint","urlTemplate":"https:\/\/www.kamna-novak.cz\/?s={search_term_string}"},"query-input":{"@type":"PropertyValueSpecification","valueRequired":true,"valueName":"search_term_string"}}],"inLanguage":"cs"}]}},"_links":{"self":[{"href":"https:\/\/www.kamna-novak.cz\/index.php\/wp-json\/wp\/v2\/pages\/7","targetHints":{"allow":["GET"]}}],"collection":[{"href":"https:\/\/www.kamna-novak.cz\/index.php\/wp-json\/wp\/v2\/pages"}],"about":[{"href":"https:\/\/www.kamna-novak.cz\/index.php\/wp-json\/wp\/v2\/types\/page"}],"author":[{"embeddable":true,"href":"https:\/\/www.kamna-novak.cz\/index.php\/wp-json\/wp\/v2\/users\/1"}],"replies":[{"embeddable":true,"href":"https:\/\/www.kamna-novak.cz\/index.php\/wp-json\/wp\/v2\/comments?post=7"}],"version-history":[{"count":1,"href":"https:\/\/www.kamna-novak.cz\/index.php\/wp-json\/wp\/v2\/pages\/7\/revisions"}],"predecessor-version":[{"id":10,"href":"https:\/\/www.kamna-novak.cz\/index.php\/wp-json\/wp\/v2\/pages\/7\/revisions\/10"}],"wp:attachment":[{"href":"https:\/\/www.kamna-novak.cz\/index.php\/wp-json\/wp\/v2\/media?parent=7"}],"curies":[{"name":"wp","href":"https:\/\/api.w.org\/{rel}","templated":true}]}}